{"id":8116,"date":"2024-03-25T10:08:39","date_gmt":"2024-03-25T14:08:39","guid":{"rendered":"https:\/\/www.lorendo.com\/promotions\/"},"modified":"2026-03-31T11:27:02","modified_gmt":"2026-03-31T15:27:02","slug":"our-promotions","status":"publish","type":"page","link":"https:\/\/www.lorendo.com\/en\/our-promotions\/","title":{"rendered":"Promotions"},"content":{"rendered":"","protected":false},"excerpt":{"rendered":"","protected":false},"author":4,"featured_media":7500,"parent":0,"menu_order":0,"comment_status":"closed","ping_status":"closed","template":"","meta":{"_acf_changed":false,"_seopress_robots_primary_cat":"","_seopress_titles_title":"Promotions | Lorendo Portes et Fen\u00eatres","_seopress_titles_desc":"D\u00e9couvrez nos offres sp\u00e9ciales actuelles ainsi que les programmes disponibles pour vous accompagner dans l'acquisition de portes et fen\u00eatres \u00e9conerg\u00e9tiques.","_seopress_robots_index":"","inline_featured_image":false,"footnotes":""},"types_page":[1789,1704],"class_list":["post-8116","page","type-page","status-publish","has-post-thumbnail","hentry","types_page-promotions","types_page-secondaire"],"acf":[],"_links":{"self":[{"href":"https:\/\/www.lorendo.com\/en\/wp-json\/wp\/v2\/pages\/8116","targetHints":{"allow":["GET"]}}],"collection":[{"href":"https:\/\/www.lorendo.com\/en\/wp-json\/wp\/v2\/pages"}],"about":[{"href":"https:\/\/www.lorendo.com\/en\/wp-json\/wp\/v2\/types\/page"}],"author":[{"embeddable":true,"href":"https:\/\/www.lorendo.com\/en\/wp-json\/wp\/v2\/users\/4"}],"replies":[{"embeddable":true,"href":"https:\/\/www.lorendo.com\/en\/wp-json\/wp\/v2\/comments?post=8116"}],"version-history":[{"count":23,"href":"https:\/\/www.lorendo.com\/en\/wp-json\/wp\/v2\/pages\/8116\/revisions"}],"predecessor-version":[{"id":8588,"href":"https:\/\/www.lorendo.com\/en\/wp-json\/wp\/v2\/pages\/8116\/revisions\/8588"}],"wp:featuredmedia":[{"embeddable":true,"href":"https:\/\/www.lorendo.com\/en\/wp-json\/wp\/v2\/media\/7500"}],"wp:attachment":[{"href":"https:\/\/www.lorendo.com\/en\/wp-json\/wp\/v2\/media?parent=8116"}],"wp:term":[{"taxonomy":"types_page","embeddable":true,"href":"https:\/\/www.lorendo.com\/en\/wp-json\/wp\/v2\/types_page?post=8116"}],"curies":[{"name":"wp","href":"https:\/\/api.w.org\/{rel}","templated":true}]}}